{"id":1883,"date":"2022-06-29T14:59:31","date_gmt":"2022-06-29T14:59:31","guid":{"rendered":"https:\/\/msnf.pt\/david-nunes-fernandes-lawyer\/"},"modified":"2023-10-18T17:05:38","modified_gmt":"2023-10-18T17:05:38","slug":"david-nunes-fernandes-lawyer","status":"publish","type":"page","link":"https:\/\/msnf.pt\/en\/david-nunes-fernandes-lawyer\/","title":{"rendered":"David Nunes Fernandes &#8211; Lawyer"},"content":{"rendered":"\t\t<div data-elementor-type=\"wp-page\" data-elementor-id=\"1883\" class=\"elementor elementor-1883 elementor-246\" data-elementor-post-type=\"page\">\n\t\t\t\t\t\t<section class=\"elementor-section elementor-top-section elementor-element elementor-element-2b3458ca elementor-section-boxed elementor-section-height-default elementor-section-height-default\" data-id=\"2b3458ca\" data-element_type=\"section\">\n\t\t\t\t\t\t<div class=\"elementor-container elementor-column-gap-default\">\n\t\t\t\t\t<div class=\"elementor-column elementor-col-100 elementor-top-column elementor-element elementor-element-5e03fd70\" data-id=\"5e03fd70\" data-element_type=\"column\">\n\t\t\t<div class=\"elementor-widget-wrap elementor-element-populated\">\n\t\t\t\t\t\t<div class=\"elementor-element elementor-element-3b6bf1a3 elementor-widget-mobile__width-initial elementor-widget elementor-widget-heading\" data-id=\"3b6bf1a3\" data-element_type=\"widget\" data-widget_type=\"heading.default\">\n\t\t\t\t<div class=\"elementor-widget-container\">\n\t\t\t\t\t<h2 class=\"elementor-heading-title elementor-size-default\">DAVID NUNES FERNANDES<\/h2>\t\t\t\t<\/div>\n\t\t\t\t<\/div>\n\t\t\t\t\t<\/div>\n\t\t<\/div>\n\t\t\t\t\t<\/div>\n\t\t<\/section>\n\t\t\t\t<section class=\"elementor-section elementor-top-section elementor-element elementor-element-cfd5109 elementor-section-content-middle elementor-reverse-mobile elementor-section-boxed elementor-section-height-default elementor-section-height-default\" data-id=\"cfd5109\" data-element_type=\"section\">\n\t\t\t\t\t\t<div class=\"elementor-container elementor-column-gap-no\">\n\t\t\t\t\t<div class=\"elementor-column elementor-col-50 elementor-top-column elementor-element elementor-element-40371226\" data-id=\"40371226\" data-element_type=\"column\">\n\t\t\t<div class=\"elementor-widget-wrap elementor-element-populated\">\n\t\t\t\t\t\t<div class=\"elementor-element elementor-element-73505308 elementor-widget elementor-widget-image\" data-id=\"73505308\" data-element_type=\"widget\" data-widget_type=\"image.default\">\n\t\t\t\t<div class=\"elementor-widget-container\">\n\t\t\t\t\t\t\t\t\t\t\t\t\t\t\t<img decoding=\"async\" width=\"277\" height=\"95\" src=\"https:\/\/msnf.pt\/wp-content\/uploads\/2022\/06\/david-nunes-fernandes-advogado.png\" class=\"attachment-large size-large wp-image-33\" alt=\"\" \/>\t\t\t\t\t\t\t\t\t\t\t\t\t\t\t<\/div>\n\t\t\t\t<\/div>\n\t\t\t\t<div class=\"elementor-element elementor-element-27e48e9c elementor-widget elementor-widget-text-editor\" data-id=\"27e48e9c\" data-element_type=\"widget\" data-widget_type=\"text-editor.default\">\n\t\t\t\t<div class=\"elementor-widget-container\">\n\t\t\t\t\t\t\t\t\t<p class=\"p1\">Graduated in 2009 by the Law School of the Portuguese Catholic University, where he also concluded in 2012 a Master program in Law. He is a guest lecturer at the same Law School since 2016, where he teaches several courses, notably Succession Law.<\/p>\n<p class=\"p1\">He was a lawyer at Cardigos &amp; Associados, Sociedade de Advogados RL, between 2011 e 2020, being specially devoted to tax and labor assistance, as well as litigation (civil and tax), commercial contracts and corporate law.<\/p>\n<p class=\"p1\">He is also usually in charge of several training sessions regarding tax law, in particular as regards tax litigation, amongst other matters. He is also a tax arbitrator before the Administrative Arbitration Centre.<\/p>\n\t\t\t\t\t\t\t\t<\/div>\n\t\t\t\t<\/div>\n\t\t\t\t<div class=\"elementor-element elementor-element-420f8d19 elementor-widget__width-initial elementor-widget elementor-widget-toggle\" data-id=\"420f8d19\" data-element_type=\"widget\" data-widget_type=\"toggle.default\">\n\t\t\t\t<div class=\"elementor-widget-container\">\n\t\t\t\t\t\t\t<div class=\"elementor-toggle\">\n\t\t\t\t\t\t\t<div class=\"elementor-toggle-item\">\n\t\t\t\t\t<div id=\"elementor-tab-title-1101\" class=\"elementor-tab-title\" data-tab=\"1\" role=\"button\" aria-controls=\"elementor-tab-content-1101\" aria-expanded=\"false\">\n\t\t\t\t\t\t\t\t\t\t\t\t<span class=\"elementor-toggle-icon elementor-toggle-icon-right\" aria-hidden=\"true\">\n\t\t\t\t\t\t\t\t\t\t\t\t\t\t\t<span class=\"elementor-toggle-icon-closed\"><i class=\"far fa-plus-square\"><\/i><\/span>\n\t\t\t\t\t\t\t\t<span class=\"elementor-toggle-icon-opened\"><i class=\"elementor-toggle-icon-opened far fa-minus-square\"><\/i><\/span>\n\t\t\t\t\t\t\t\t\t\t\t\t\t<\/span>\n\t\t\t\t\t\t\t\t\t\t\t\t<a class=\"elementor-toggle-title\" tabindex=\"0\">Read more<\/a>\n\t\t\t\t\t<\/div>\n\n\t\t\t\t\t<div id=\"elementor-tab-content-1101\" class=\"elementor-tab-content elementor-clearfix\" data-tab=\"1\" role=\"region\" aria-labelledby=\"elementor-tab-title-1101\"><h5>ACADEMIC BACKGROUND <\/h5>\n<h6>LAW SCHOOL OF THE PORTUGUESE CATHOLIC UNIVERSITY<\/h6>\n<p>Master program in Law, March 2012<\/p>\n<h6>LAW SCHOOL OF THE PORTUGUESE CATHOLIC UNIVERSITY<\/h6>\n<p>Postgraduate studies in tax law, December 2010<\/p>\n<h6>LAW SCHOOL OF THE PORTUGUESE CATHOLIC UNIVERSITY<\/h6>\n<p>Law Degree, July 2009<\/p>\n<h5>PROFESSIONAL BACKGROUND<\/h5>\n<h6>Academic<\/h6>\n<h6>Current<\/h6>\n<p>Guest lecturer at the Law School of the Portuguese Catholic University since 2016, where he teaches Succession Law. He has also taught, in 2017, Commercial Law as well as Business and Economic Law, in the context of management and economics degree at Cat\u00f3lica Lisbon School of Business and Economics between 2016 and 2022 (being chair from 2019 onwards).<\/p>\n<h6>Previous<\/h6>\n<p>2017-2018 \u2013 Guest lecturer at the Management and Marketing Master Program, at IPAM, teaching business law. <\/p>\n<h6>Current activities<\/h6>\n<p>Lawyer with independent practice since November 2020, working in particular with matters related to tax law, labour law, litigation (civil, administrative and tax), as well as corporate law.<\/p>\n<p>Tax arbitrator before the Administrative Arbitration Centre since 2021.<\/p>\n<h6>Previous activities<\/h6>\n<p>2011 \u2013 2020 \u2013 trainee lawyer (until November 2013) \/ associate (until January 2016) \/ Senior Associate (until January 2020) \/ Partner (until November 2020) at Cardigos e Associados, Sociedade de Advogados RL<\/p>\n<h6>Publications<\/h6>\n<p>Colaboration with PhD Pedro Moniz Lopes in the monograph \u201cContratos Administrativos e Boa-F\u00e9 \u2013 Em especial, da relev\u00e2ncia das condutas pr\u00e9vias e concomitantes \u00e0 execu\u00e7\u00e3o para a interpreta\u00e7\u00e3o dos contratos administrativos\u201d, AAFDL Editora, 2019<\/p>\n<p>\u201cA regulariza\u00e7\u00e3o de IVA no contexto da cess\u00e3o de cr\u00e9ditos \u00e0 luz da informa\u00e7\u00e3o vinculativa n.\u00ba 12682, de 7 de mar\u00e7o de 2018\u201d, in Revista Eletr\u00f3nica de Fiscalidade da AFP, Ano I, N.\u00ba 1 (2019)<\/p>\n<p>\u201cPagamento de d\u00edvida prescrita, repeti\u00e7\u00e3o do indevido e conhecimento oficioso: o lugar do artigo 175.\u00ba do CPPT &#8211; Anota\u00e7\u00e3o ao Ac. STA P. n.\u00ba 194\/07 (Rel.: Jorge Lino), de 19-09-2007\u201d, in Fiscalidade n.\u00ba 45, Instituto Superior de Gest\u00e3o, mar\u00e7o de 2011, Lisboa<\/p>\n<h5>LANGUAGES<\/h5>\n<p>English (fluent); French (intermediate);<\/p>\n<h5>ASSOCIATIONS<\/h5>\n<p>Portuguese Bar Association (since 2013)<\/p>\n<\/div>\n\t\t\t\t<\/div>\n\t\t\t\t\t\t\t\t<\/div>\n\t\t\t\t\t\t<\/div>\n\t\t\t\t<\/div>\n\t\t\t\t\t<\/div>\n\t\t<\/div>\n\t\t\t\t<div class=\"elementor-column elementor-col-50 elementor-top-column elementor-element elementor-element-3c1c0849\" data-id=\"3c1c0849\" data-element_type=\"column\">\n\t\t\t<div class=\"elementor-widget-wrap elementor-element-populated\">\n\t\t\t\t\t\t<div class=\"elementor-element elementor-element-16d36f51 elementor-absolute elementor-widget elementor-widget-image\" data-id=\"16d36f51\" data-element_type=\"widget\" data-settings=\"{&quot;_position&quot;:&quot;absolute&quot;}\" data-widget_type=\"image.default\">\n\t\t\t\t<div class=\"elementor-widget-container\">\n\t\t\t\t\t\t\t\t\t\t\t\t\t\t\t<img fetchpriority=\"high\" decoding=\"async\" width=\"534\" height=\"800\" src=\"https:\/\/msnf.pt\/wp-content\/uploads\/2023\/05\/david-nunes-ferreira.png\" class=\"attachment-full size-full wp-image-749\" alt=\"\" srcset=\"https:\/\/msnf.pt\/wp-content\/uploads\/2023\/05\/david-nunes-ferreira.png 534w, https:\/\/msnf.pt\/wp-content\/uploads\/2023\/05\/david-nunes-ferreira-200x300.png 200w\" sizes=\"(max-width: 534px) 100vw, 534px\" \/>\t\t\t\t\t\t\t\t\t\t\t\t\t\t\t<\/div>\n\t\t\t\t<\/div>\n\t\t\t\t<div class=\"elementor-element elementor-element-25a5b00 elementor-widget elementor-widget-text-editor\" data-id=\"25a5b00\" data-element_type=\"widget\" data-widget_type=\"text-editor.default\">\n\t\t\t\t<div class=\"elementor-widget-container\">\n\t\t\t\t\t\t\t\t\t<p><strong>&#8211; TAX AND ECONOMIC LAW<\/strong><\/p>\n<p><strong>&#8211; REAL ESTATE AND PROJECTS<\/strong><\/p>\n<p><strong>&#8211; EMPLOYMENT, PUBLIC EMPLOYMENT AND PENSIONS<\/strong><\/p>\n<p><strong>&#8211; LITIGATION AND ARBITRATION<\/strong><\/p>\n\t\t\t\t\t\t\t\t<\/div>\n\t\t\t\t<\/div>\n\t\t\t\t<div class=\"elementor-element elementor-element-62a5491 elementor-align-left elementor-widget__width-initial elementor-widget elementor-widget-button\" data-id=\"62a5491\" data-element_type=\"widget\" data-widget_type=\"button.default\">\n\t\t\t\t<div class=\"elementor-widget-container\">\n\t\t\t\t\t\t\t\t\t<div class=\"elementor-button-wrapper\">\n\t\t\t\t\t<a class=\"elementor-button elementor-button-link elementor-size-sm elementor-animation-hang\" href=\"mailto:dnf@msnf.pt\">\n\t\t\t\t\t\t<span class=\"elementor-button-content-wrapper\">\n\t\t\t\t\t\t\t\t\t<span class=\"elementor-button-text\">Send e-mail<\/span>\n\t\t\t\t\t<\/span>\n\t\t\t\t\t<\/a>\n\t\t\t\t<\/div>\n\t\t\t\t\t\t\t\t<\/div>\n\t\t\t\t<\/div>\n\t\t\t\t<div class=\"elementor-element elementor-element-4e7b7ce elementor-align-left elementor-widget__width-auto elementor-widget elementor-widget-button\" data-id=\"4e7b7ce\" data-element_type=\"widget\" data-widget_type=\"button.default\">\n\t\t\t\t<div class=\"elementor-widget-container\">\n\t\t\t\t\t\t\t\t\t<div class=\"elementor-button-wrapper\">\n\t\t\t\t\t<a class=\"elementor-button elementor-button-link elementor-size-sm elementor-animation-hang\" href=\"https:\/\/msnf.pt\/wp-content\/uploads\/2023\/10\/DNF-CV-EN-.pdf\">\n\t\t\t\t\t\t<span class=\"elementor-button-content-wrapper\">\n\t\t\t\t\t\t\t\t\t<span class=\"elementor-button-text\">CV IN PDF<\/span>\n\t\t\t\t\t<\/span>\n\t\t\t\t\t<\/a>\n\t\t\t\t<\/div>\n\t\t\t\t\t\t\t\t<\/div>\n\t\t\t\t<\/div>\n\t\t\t\t\t<\/div>\n\t\t<\/div>\n\t\t\t\t\t<\/div>\n\t\t<\/section>\n\t\t\t\t<section class=\"elementor-section elementor-top-section elementor-element elementor-element-1207165b elementor-section-boxed elementor-section-height-default elementor-section-height-default\" data-id=\"1207165b\" data-element_type=\"section\">\n\t\t\t\t\t\t<div class=\"elementor-container elementor-column-gap-default\">\n\t\t\t\t\t<div class=\"elementor-column elementor-col-100 elementor-top-column elementor-element elementor-element-37d15a53\" data-id=\"37d15a53\" data-element_type=\"column\">\n\t\t\t<div class=\"elementor-widget-wrap elementor-element-populated\">\n\t\t\t\t\t\t<div class=\"elementor-element elementor-element-7ca0c6e0 elementor-widget-divider--view-line elementor-widget elementor-widget-divider\" data-id=\"7ca0c6e0\" data-element_type=\"widget\" data-widget_type=\"divider.default\">\n\t\t\t\t<div class=\"elementor-widget-container\">\n\t\t\t\t\t\t\t<div class=\"elementor-divider\">\n\t\t\t<span class=\"elementor-divider-separator\">\n\t\t\t\t\t\t<\/span>\n\t\t<\/div>\n\t\t\t\t\t\t<\/div>\n\t\t\t\t<\/div>\n\t\t\t\t\t<\/div>\n\t\t<\/div>\n\t\t\t\t\t<\/div>\n\t\t<\/section>\n\t\t\t\t<\/div>\n\t\t","protected":false},"excerpt":{"rendered":"<p>DAVID NUNES FERNANDES Graduated in 2009 by the Law School of the Portuguese Catholic University, where he also concluded in 2012 a Master program in Law. He is a guest lecturer at the same Law School since 2016, where he teaches several courses, notably Succession Law. He was a lawyer at Cardigos &amp; Associados, Sociedade [&hellip;]<\/p>\n","protected":false},"author":1,"featured_media":0,"parent":0,"menu_order":0,"comment_status":"closed","ping_status":"closed","template":"elementor_header_footer","meta":{"om_disable_all_campaigns":false,"_monsterinsights_skip_tracking":false,"_monsterinsights_sitenote_active":false,"_monsterinsights_sitenote_note":"","_monsterinsights_sitenote_category":0,"footnotes":""},"class_list":["post-1883","page","type-page","status-publish","hentry"],"aioseo_notices":[],"_links":{"self":[{"href":"https:\/\/msnf.pt\/en\/wp-json\/wp\/v2\/pages\/1883","targetHints":{"allow":["GET"]}}],"collection":[{"href":"https:\/\/msnf.pt\/en\/wp-json\/wp\/v2\/pages"}],"about":[{"href":"https:\/\/msnf.pt\/en\/wp-json\/wp\/v2\/types\/page"}],"author":[{"embeddable":true,"href":"https:\/\/msnf.pt\/en\/wp-json\/wp\/v2\/users\/1"}],"replies":[{"embeddable":true,"href":"https:\/\/msnf.pt\/en\/wp-json\/wp\/v2\/comments?post=1883"}],"version-history":[{"count":7,"href":"https:\/\/msnf.pt\/en\/wp-json\/wp\/v2\/pages\/1883\/revisions"}],"predecessor-version":[{"id":2005,"href":"https:\/\/msnf.pt\/en\/wp-json\/wp\/v2\/pages\/1883\/revisions\/2005"}],"wp:attachment":[{"href":"https:\/\/msnf.pt\/en\/wp-json\/wp\/v2\/media?parent=1883"}],"curies":[{"name":"wp","href":"https:\/\/api.w.org\/{rel}","templated":true}]}}