{"id":1916,"date":"2022-06-29T14:57:37","date_gmt":"2022-06-29T14:57:37","guid":{"rendered":"https:\/\/msnf.pt\/pedro-moniz-lopes-lawyer\/"},"modified":"2023-10-18T17:09:16","modified_gmt":"2023-10-18T17:09:16","slug":"pedro-moniz-lopes-lawyer","status":"publish","type":"page","link":"https:\/\/msnf.pt\/en\/pedro-moniz-lopes-lawyer\/","title":{"rendered":"Pedro Moniz Lopes &#8211; Lawyer"},"content":{"rendered":"\t\t<div data-elementor-type=\"wp-page\" data-elementor-id=\"1916\" class=\"elementor elementor-1916 elementor-238\" data-elementor-post-type=\"page\">\n\t\t\t\t\t\t<section class=\"elementor-section elementor-top-section elementor-element elementor-element-6c8e9426 elementor-section-boxed elementor-section-height-default elementor-section-height-default\" data-id=\"6c8e9426\" data-element_type=\"section\">\n\t\t\t\t\t\t<div class=\"elementor-container elementor-column-gap-default\">\n\t\t\t\t\t<div class=\"elementor-column elementor-col-100 elementor-top-column elementor-element elementor-element-1c0bf2bd\" data-id=\"1c0bf2bd\" data-element_type=\"column\">\n\t\t\t<div class=\"elementor-widget-wrap elementor-element-populated\">\n\t\t\t\t\t\t<div class=\"elementor-element elementor-element-7d83073a elementor-widget-mobile__width-initial elementor-widget elementor-widget-heading\" data-id=\"7d83073a\" data-element_type=\"widget\" data-widget_type=\"heading.default\">\n\t\t\t\t<div class=\"elementor-widget-container\">\n\t\t\t\t\t<h2 class=\"elementor-heading-title elementor-size-default\">PEDRO MONIZ LOPES<\/h2>\t\t\t\t<\/div>\n\t\t\t\t<\/div>\n\t\t\t\t\t<\/div>\n\t\t<\/div>\n\t\t\t\t\t<\/div>\n\t\t<\/section>\n\t\t\t\t<section class=\"elementor-section elementor-top-section elementor-element elementor-element-1ed02dbd elementor-section-content-middle elementor-reverse-mobile elementor-section-boxed elementor-section-height-default elementor-section-height-default\" data-id=\"1ed02dbd\" data-element_type=\"section\">\n\t\t\t\t\t\t<div class=\"elementor-container elementor-column-gap-no\">\n\t\t\t\t\t<div class=\"elementor-column elementor-col-50 elementor-top-column elementor-element elementor-element-39599a0e\" data-id=\"39599a0e\" data-element_type=\"column\">\n\t\t\t<div class=\"elementor-widget-wrap elementor-element-populated\">\n\t\t\t\t\t\t<div class=\"elementor-element elementor-element-6f9dede8 elementor-widget elementor-widget-image\" data-id=\"6f9dede8\" data-element_type=\"widget\" data-widget_type=\"image.default\">\n\t\t\t\t<div class=\"elementor-widget-container\">\n\t\t\t\t\t\t\t\t\t\t\t\t\t\t\t<img decoding=\"async\" width=\"276\" height=\"96\" src=\"https:\/\/msnf.pt\/wp-content\/uploads\/2022\/06\/pedro-moniz-lopes-advogado.png\" class=\"attachment-large size-large wp-image-35\" alt=\"\" \/>\t\t\t\t\t\t\t\t\t\t\t\t\t\t\t<\/div>\n\t\t\t\t<\/div>\n\t\t\t\t<div class=\"elementor-element elementor-element-5d30adb1 elementor-widget elementor-widget-text-editor\" data-id=\"5d30adb1\" data-element_type=\"widget\" data-widget_type=\"text-editor.default\">\n\t\t\t\t<div class=\"elementor-widget-container\">\n\t\t\t\t\t\t\t\t\t<p class=\"p1\">Pedro Moniz Lopes is Professor at the Lisbon University \u2013 Law School where he lectures since 2007 and with which he concluded his PhD (2016), Master of Laws (2010) and graduation (2004). He is a Lawyer registered with the Portuguese Bar Association since 2006. He develops his activity within the field of Public and Regulatory Law and Litigation and Arbitration. His main areas of expertise are Administrative Law, Constitutional Law, Regulation (electronic communications, energy, health and water and waste management), public procurement (administrative procedures and contractual matters) and arbitration.<\/p>\n<p class=\"p1\">His activity encompasses both legal and strategic advisory, negotiation and <i>risk management<\/i>, drafting of expert legal opinions and litigation both in his capacity as arbitrator and attorney. He advises several public and private entities in highly regulated sectors, actively participates in drafting legislation and regulations (including impact assessment, <i>cost-benefit analysis<\/i>, legisprudence and <i>better regulation<\/i>) and advises the setting-up of projects for the assembly and recovery of operational and organizational infrastructures.<\/p>\n<p class=\"p1\">Pedro has presided and taken part in negotiation committees of administrative contracts in crucial sectors and has been involved in several national and transnational arbitrations of high complexity. He is an arbitrator at the Administrative Arbitration Centre (CAAD) and the Portuguese Sports Arbitration Court (TAD) and a member of the list of arbitrators of the Arbitration Centre of the Chamber of Commerce and Industry of Lisbon (CCL). He is a Senior Fellow of the Lisbon Public Law Centre (Lisbon University \u2013 Law School), Executive Director of <i>e-Publica<\/i> journal and he led several research groups on administrative modernization and constitutional law. Pedro published several national and international books and articles in the areas of expertise above and frequently intervenes as speaker in conferences and courses.<\/p>\n\t\t\t\t\t\t\t\t<\/div>\n\t\t\t\t<\/div>\n\t\t\t\t<div class=\"elementor-element elementor-element-d0806bd elementor-widget__width-initial elementor-widget elementor-widget-toggle\" data-id=\"d0806bd\" data-element_type=\"widget\" data-widget_type=\"toggle.default\">\n\t\t\t\t<div class=\"elementor-widget-container\">\n\t\t\t\t\t\t\t<div class=\"elementor-toggle\">\n\t\t\t\t\t\t\t<div class=\"elementor-toggle-item\">\n\t\t\t\t\t<div id=\"elementor-tab-title-2181\" class=\"elementor-tab-title\" data-tab=\"1\" role=\"button\" aria-controls=\"elementor-tab-content-2181\" aria-expanded=\"false\">\n\t\t\t\t\t\t\t\t\t\t\t\t<span class=\"elementor-toggle-icon elementor-toggle-icon-right\" aria-hidden=\"true\">\n\t\t\t\t\t\t\t\t\t\t\t\t\t\t\t<span class=\"elementor-toggle-icon-closed\"><i class=\"far fa-plus-square\"><\/i><\/span>\n\t\t\t\t\t\t\t\t<span class=\"elementor-toggle-icon-opened\"><i class=\"elementor-toggle-icon-opened far fa-minus-square\"><\/i><\/span>\n\t\t\t\t\t\t\t\t\t\t\t\t\t<\/span>\n\t\t\t\t\t\t\t\t\t\t\t\t<a class=\"elementor-toggle-title\" tabindex=\"0\">Read more<\/a>\n\t\t\t\t\t<\/div>\n\n\t\t\t\t\t<div id=\"elementor-tab-content-2181\" class=\"elementor-tab-content elementor-clearfix\" data-tab=\"1\" role=\"region\" aria-labelledby=\"elementor-tab-title-2181\"><h5>ACADEMIC EDUCATION<\/h5><h6>UNIVERSITY OF LISBON &#8211; SCHOOL OF LAW<\/h6><p>PhD in Law, 2016<\/p><p>Master of Laws in Public Law, 2010<\/p><p>Graduation, 2004<\/p><h5>PROFESSIONAL EXPERIENCE<\/h5><h6>Academic<\/h6><p>Professor at the Lisbon University \u2013 Law School since 2016, where he has been teaching several subjects in the field of Public Law.<\/p><p>Teaching Assistant of the same institution between 2007 and 2016. Coordinator of several post-graduate courses in administrative law, legisprudence, regulation, cost-benefit analysis and legal argumentation.<\/p><p>Senior Fellow of the Lisbon Public Law Centre (Lisbon University \u2013 Law School) and Executive Director of e-Publica journal.<\/p><h6>Current activity<\/h6><p>Attorney and legal advisor in independent practice since 2020 in the field of Public and Regulatory Law and Litigation and Arbitration.<\/p><p>Arbitrator at the Administrative Arbitration Centre (CAAD) since 2013 (in the field of public procurement)<\/p><p>Member of the list of arbitrators of the Arbitration Centre of the Chamber of Commerce and Industry of Lisbon (CCL)<\/p><p>Arbitrator at the Portuguese Sports Arbitration Court (TAD) since 2019<\/p><h6>Past activity<\/h6><p>2021. President appointed by the Portuguese State to the Commitee of Negotiation of the Concession Agreement of Universal Postal Service.<\/p><p>2015 \u2013 2020. Partner at Cardigos e Associados Law Firm (Department of Public Law, Regulation and Competition).<\/p><p>2008 \u2013 present. President and member of juries of public tenders.<\/p><p>2008 \u2013 2015. Senior Associate at Cardigos e Associados Law Firm.<\/p><h6>Publications<\/h6><h6>Books<\/h6><p>\u00abAdministrative Contracts and Good Faith\u00bb: Contratos Administrativos e Boa F\u00e9 \u2013 em especial, da relev\u00e2ncia das condutas pr\u00e9vias e concomitantes \u00e0 execu\u00e7\u00e3o para a interpreta\u00e7\u00e3o dos contratos administrativos, Lisboa, AAFDL, 2019<\/p><p>\u00abNormative Defeasibility and Administrative Regulations\u00bb: Derrotabilidade normativa e normas administrativas \u2013 o enquadramento das normas regulamentares na teoria dos conflitos normativos:<\/p><p>Parte I \u2013 A estrutura da norma e a derrotabilidade normativa;<\/p><p>Parte II \u2013 Separa\u00e7\u00e3o de poderes, legalidade e transitividade normativa;<\/p><p>Parte III \u2013 Normas regulamentares e conflitos normativos, 2 vols., Lisboa, AAFDL, 2019 (disserta\u00e7\u00e3o de doutoramento)<\/p><p>\u00abStudies of Legal Theory\u00bb: Estudos de Teoria do Direito, vol. I, Lisboa, AAFDL, 2018<br \/>\u00abGood Faith and Administrative Decisions\u00bb: Princ\u00edpio da boa f\u00e9 e decis\u00e3o administrativa \u2013 estrutura e operatividade na discricionariedade conferida por normas habilitantes, Coimbra, Almedina, 2011 (disserta\u00e7\u00e3o de mestrado).<\/p><h6>Books edited<\/h6><p>\u00abThe theories of Hans Kelsen\u00bb: O pensamento de Hans Kelsen \u2013 influ\u00eancias, contexto e atualidade (Coord. P. Moniz Lopes), Lisboa, AAFDL, 2020<\/p><p>Legal Interpretation and Scientific Knowledge, D. Duarte \/ P. Moniz Lopes \/ J. Silva Sampaio (Eds.), Springer, 2019<\/p><p>The Role of Legal Argumentation and Human Dignity in Constitutional Courts, M. Nogueira de Brito \/ G. Damele \/ R. Herdy \/ P. Moniz Lopes \/ J. Sampaio (Eds.), Archiv f\u00fcr Rechts und Sozialphilosophie, Franz Steiner Verlag, 2019<\/p><p>Book chapters and national articles<br \/>\u00abErros do tipo 1\u00bb e \u00aberros do tipo 2\u00bb: riscos, incerteza, discricionariedade e coer\u00eancia nas restri\u00e7\u00f5es pand\u00e9micas in CJA, n.\u00ba 144, 2022<\/p><p>Distin\u00e7\u00f5es no procedimento regulamentar: contra uma vis\u00e3o monol\u00edtica dos regulamentos administrativos, Encontro Luso-Espanhol de Professores de Direito Administrativo, Almedina, 2022.<\/p><p>Nudging as a tool: The case of the transposition of EU directives (co-aut. Raquel Franco, Jorge Silva Sampaio) in e-Publica, Vol. 8, n.\u00ba 2, (2021), pp. 4-20.<\/p><p>A liberdade de express\u00e3o no contexto desportivo: Considera\u00e7\u00f5es metodol\u00f3gicas (co-aut. Sara Azevedo) in e-Publica, Vol. 8, n.\u00ba 1, (2021), pp. 134-171.<\/p><p>Em defesa da admissibilidade da reserva de revoga\u00e7\u00e3o da decis\u00e3o de contratar in Revista dos Contratos P\u00fablicos, n.\u00ba 23, 2020, pp. 83-133.<\/p><p>Apontamentos sobre a aprecia\u00e7\u00e3o da inconstitucionalidade de regulamentos pelos tribunais administrativos in Impugna\u00e7\u00e3o direta, indireta ou incidental e omiss\u00f5es regulamentares, Centro de Estudos Judici\u00e1rios, 2020, e-book.<\/p><p>Significado e alcance da \u00absuspens\u00e3o\u00bb do exerc\u00edcio de direitos fundamentais na declara\u00e7\u00e3o de estado de emerg\u00eancia in e-Publica, vol. 7, n.\u00ba 1, Abril, 2020, pp. 118-152.<\/p><p>A pondera\u00e7\u00e3o constitucional realista: pressuposi\u00e7\u00f5es te\u00f3ricas na interpreta\u00e7\u00e3o de conceitos constitucionais e o problema da dimens\u00e3o epist\u00e9mica na pondera\u00e7\u00e3o in Jus Dictum, n.\u00ba 2, 2020, pp. 23-37.<\/p><p>Dois equ\u00edvocos em Kelsen a respeito da completude e consist\u00eancia normativas in O pensamento de Hans Kelsen &#8211; influ\u00eancias, contexto e atualidade \u2013 P. Moniz Lopes (Coord.), Lisboa, AAFDL, 2020, pp. 87-113.<\/p><p>Fontes de direito regulat\u00f3rio: da \u00abhard law\u00bb \u00e0 (alegada) \u00absoft law\u00bb in AA. VV., Garantias de Direitos e Regula\u00e7\u00e3o \u2013 Perspetivas de Direito Administrativo, C. Amado Gomes, R. Saraiva, R. Pedro, F. Ma\u00e7\u00e3s (Coord.), AAFDL, 2019, pp. 443-474.<\/p><p>Derrotabilidade Normativa e Jurisdi\u00e7\u00e3o Constitucional in Reforma do estado social no contexto da globaliza\u00e7\u00e3o (org. G. Ferreira Mendes, C. Blanco de Morais, C. Cunha Campos), FGV Projectos (et al), 2019, 266-279.<\/p><p>Normas de compet\u00eancia de tutela administrativa in AA. VV., Organiza\u00e7\u00e3o administrativa: novos actores, novos modelos, vol. II, C. Amado Gomes, A. Neves, T. Serr\u00e3o (Coord.), AAFDL, 2018, pp. 755-795.<\/p><p>A declara\u00e7\u00e3o de ilegalidade por omiss\u00e3o de planos urban\u00edsticos in Contencioso dos planos urban\u00edsticos: jurisdi\u00e7\u00e3o administrativa e fiscal, Centro de Estudos Judici\u00e1rios, outubro de 2018, e-book, pp. 25-65.<\/p><p>Separa\u00e7\u00e3o de poderes, reserva de fun\u00e7\u00e3o administrativa e aloca\u00e7\u00e3o normativa entre ato legislativo e regulamentar in Aa. Vv., X Encontro de Professores de Direito P\u00fablico (Coord. A. Gouveia Martins, A. Le\u00e3o, B. Mac Crorie, P. Fragoso Martins), e-book ICJP-CIDP, 2017<\/p><p>(https:\/\/www.icjp.pt\/sites\/default\/files\/publicacoes\/files\/e-book_x_encontroprofdirpub_0.pdf), pp. 33-83.<\/p><p>\u2026) the appellant\u2019s mind and her forceful clarity \u00abis all that Marie has left\u00bb\u201d. obre a dignidade, a autonomia e a moral, a prop\u00f3sito do caso Fleming v Ireland in J. Reis Novais \/ T. Fidalgo de Freitas (Coord.), A Dignidade da Pessoa Humana na Justi\u00e7a Constitucional. Almedina, 2018, pp. 289-335.<\/p><p>Conflitos de interesses na contrata\u00e7\u00e3o p\u00fablica: uma primeira abordagem (em coautoria com M. Teresa Capela) in AA. VV., Coment\u00e1rios \u00e0 Revis\u00e3o do C\u00f3digo dos Contratos P\u00fablicos, C. Amado Gomes, T. Serr\u00e3o, M. Caldeira, R. Pedro (Coord.), AAFDL, 2017, pp. 437-469.<\/p><p>Coment\u00e1rio ao artigo 2.\u00ba do Decreto-Preambular (\u00abRegimes Especiais\u00bb) in AA. VV., O Regime de Responsabilidade Civil Extracontratual do Estado e demais Entidades P\u00fablicas: Coment\u00e1rios \u00e0 luz da Jurisprud\u00eancia, C. Amado Gomes, R. Pedro, T. Serr\u00e3o (Coord.), AAFDL, 2017, pp. 125-143.<\/p><p>Direito Administrativo I \u2013 Roteiro Pr\u00e1tico, Jurisprud\u00eancia e Exames em coautoria com M.\u00aa Jo\u00e3o Estorninho, S. Lopes Lu\u00eds e J. Pa\u00e7\u00e3o, Lisboa, AAFDL, 2016.<\/p><p>Objecto, condi\u00e7\u00f5es e consequ\u00eancias da invalidade regulamentar no novo C\u00f3digo do Procedimento Administrativo in AA. VV., Coment\u00e1rios ao Novo C\u00f3digo do Procedimento Administrativo, C. Amado Gomes, A. Fernanda Neves, T. Serr\u00e3o (Coord.), AAFDL, 2015, pp. 847-879.<\/p><p>Ilegalidades urban\u00edsticas e medidas de reintegra\u00e7\u00e3o: algumas quest\u00f5es a prop\u00f3sito da dicotomia procedimental entre licenciamento e comunica\u00e7\u00e3o pr\u00e9via, in AAVV, A Revis\u00e3o do Regime Jur\u00eddico da Urbaniza\u00e7\u00e3o e da Edifica\u00e7\u00e3o, Almedina, 2015, pp. 205-225.<\/p><p>Are we positive about positive law in a global sphere? A comment on Edouard Fromageau\u2019s \u201cthe Concept of Positive Law in Global Administrative Law\u201d in e-Publica, Vol 2, n.\u00ba 3, (2015).<\/p><p>Licenciamento de opera\u00e7\u00f5es de tratamento de res\u00edduos, margem de livre aprecia\u00e7\u00e3o administrativa e precariedade do ato final, in Aa.Vv., Direito dos Res\u00edduos, Lisboa, ERSAR\/FDUL, 2014, pp. 107-129.<\/p><p>O regime substantivo dos regulamentos no projeto de revis\u00e3o do C\u00f3digo do Procedimento Administrativo: algumas considera\u00e7\u00f5es estruturantes in e-Publica, Vol. 1, n.\u00ba 1, (2014).<\/p><p>Juggling insolvency and international arbitration &#8211; a case study (co-aut. Porf\u00edrio Moreira et. al.) in Young Arbitration Review Edition, Edition 9, April 2013, pp. 21-23.<\/p><p>Pondera\u00e7\u00e3o na revoga\u00e7\u00e3o de atos administrativos inv\u00e1lidos, in Estudos em homenagem ao Professor Doutor Jorge Miranda, IV, Coimbra, Coimbra Editora, 2012, pp. 769-795.<\/p><p>Sobre as senten\u00e7as de inconstitucionalidade parcial qualitativa: enunciados constitucionais de prefer\u00eancia in As senten\u00e7as interm\u00e9dias da justi\u00e7a constitucional, coord. C. Blanco de Morais, Lisboa, AAFDL, 2009, pp. 477-577.<\/p><p>O valor jur\u00eddico das normas de decis\u00e3o jurisprudenciais, O Direito, 140, n.\u00ba 3, (2008), pp. 645-695.<\/p><h6>Book chapters and international articles<\/h6><p>On the validity of a global normative framework for public agencies: a legal theory\u2019s approach to Global Administrative Law in Governing with public agencies (org. Mauro Zamboni \/ Jane Reichel \/ Maria Grahn-Farley) Publicerad av Stiftelsen Juridisk Fakultetslitteratur, mars 2022, pp. 19\u201336<\/p><p>Naturalizing interpretation: a first approach on \u00abhardware\u00bb and \u00absoftware\u00bb determinants of legal interpretation (em coautoria com R. Franco) in D. Duarte \/ P. Moniz Lopes \/ J. Silva Sampaio, Legal Interpretation and Scientific Knowledge, Springer, 2019, pp. 47-81.<\/p><p>Interpretative and normative ambivalences of human dignity \u2013 rights, dignity and morality in Fleming v Ireland in M. Nogueira de Brito \/ G. Damele \/ R. Herdy \/ P. Moniz Lopes \/ J. Sampaio (Eds.), The Role of Legal Argumentation and Human Dignity in Constitutional Courts, Archiv f\u00fcr Rechts und Sozialphilosophie, Franz Steiner Verlag, 2019, pp. 143-172.<\/p><p>Balancing principles and a fortiori reasoning, D. Duarte and J. Silva Sampaio (Eds.), The Principle of Proportionality in Law \u2013 an Analytical Approach, Springer, 2018, pp. 137-157.<\/p><p>The nature of competence norms, M.N.S. Sellers and S. Kirste (Eds.), Encyclopedia of Philosophy of Law and Social Philosophy, Springer (2017), <a href=\"https:\/\/rd.springer.com\/referenceworkentry\/10.1007\/978-94-007-6730-0_223-1\">https:\/\/rd.springer.com\/referenceworkentry\/10.1007\/978-94-007-6730-0_223-1<\/a><\/p><p>Legal norms as hypothetical imperatives, M.N.S. Sellers and S. Kirste (Eds.), Encyclopedia of Philosophy of Law and Social Philosophy, M.N.S. Sellers and Stephan Kirste (Eds.), Springer (2017), <a href=\"https:\/\/rd.springer.com\/referenceworkentry\/10.1007\/978-94-007-6730-0_219-1\">https:\/\/rd.springer.com\/referenceworkentry\/10.1007\/978-94-007-6730-0_219-1<\/a><\/p><p>The syntax of principles: genericity as a logical distinction between rules and principles in Ratio Juris, vol. 30, issue 4, 2017, pp. 471-490.<\/p><p>Implicazioni derivanti dalla genericit\u00e0 nella (in)coerenza e nella (in)completezza dei sistemi giuridici in Diritto &amp; Questione Pubbliche| XVII, 2017 \/ 1 (giugno) | pp. 275-327.<\/p><p>Princ\u00edpios como indu\u00e7\u00f5es de\u00f4nticas: a previs\u00e3o indutiva, o d\u00e9fice informativo e a derrotabilidade condicional nos princ\u00edpios jur\u00eddicos, Revista Nomos, edi\u00e7\u00e3o 1011.1, Faculdade de Direito da Universidade Federal do Cear\u00e1, Brasil (2011), pp. 197-235.<\/p><h5>LANGUAGES<\/h5><p>English (Fluent); Spanish (Fluent)<\/p><h5>MEMBERSHIPS<\/h5><p>Portuguese Bar Association (since 2006)<\/p><\/div>\n\t\t\t\t<\/div>\n\t\t\t\t\t\t\t\t<\/div>\n\t\t\t\t\t\t<\/div>\n\t\t\t\t<\/div>\n\t\t\t\t\t<\/div>\n\t\t<\/div>\n\t\t\t\t<div class=\"elementor-column elementor-col-50 elementor-top-column elementor-element elementor-element-5bc81d5b\" data-id=\"5bc81d5b\" data-element_type=\"column\">\n\t\t\t<div class=\"elementor-widget-wrap elementor-element-populated\">\n\t\t\t\t\t\t<div class=\"elementor-element elementor-element-14ba0531 elementor-widget elementor-widget-text-editor\" data-id=\"14ba0531\" data-element_type=\"widget\" data-widget_type=\"text-editor.default\">\n\t\t\t\t<div class=\"elementor-widget-container\">\n\t\t\t\t\t\t\t\t\t<p>&#8211; PUBLIC LAW AND REGULATORY<\/p>\n<p>&#8211; PUBLIC ADMINISTRATION AND PUBLIC PROCUREMENT<\/p>\n<p>&#8211; LITIGATION AND ARBITRATION<\/p>\n\t\t\t\t\t\t\t\t<\/div>\n\t\t\t\t<\/div>\n\t\t\t\t<div class=\"elementor-element elementor-element-4714c005 elementor-absolute elementor-widget elementor-widget-image\" data-id=\"4714c005\" data-element_type=\"widget\" data-settings=\"{&quot;_position&quot;:&quot;absolute&quot;}\" data-widget_type=\"image.default\">\n\t\t\t\t<div class=\"elementor-widget-container\">\n\t\t\t\t\t\t\t\t\t\t\t\t\t\t\t<img fetchpriority=\"high\" decoding=\"async\" width=\"534\" height=\"800\" src=\"https:\/\/msnf.pt\/wp-content\/uploads\/2023\/05\/pedro-moniz-lopes.png\" class=\"attachment-full size-full wp-image-751\" alt=\"\" srcset=\"https:\/\/msnf.pt\/wp-content\/uploads\/2023\/05\/pedro-moniz-lopes.png 534w, https:\/\/msnf.pt\/wp-content\/uploads\/2023\/05\/pedro-moniz-lopes-200x300.png 200w\" sizes=\"(max-width: 534px) 100vw, 534px\" \/>\t\t\t\t\t\t\t\t\t\t\t\t\t\t\t<\/div>\n\t\t\t\t<\/div>\n\t\t\t\t<div class=\"elementor-element elementor-element-2bbbc269 elementor-align-left elementor-widget__width-initial elementor-widget elementor-widget-button\" data-id=\"2bbbc269\" data-element_type=\"widget\" data-widget_type=\"button.default\">\n\t\t\t\t<div class=\"elementor-widget-container\">\n\t\t\t\t\t\t\t\t\t<div class=\"elementor-button-wrapper\">\n\t\t\t\t\t<a class=\"elementor-button elementor-button-link elementor-size-sm elementor-animation-hang\" href=\"mailto:pml@msnf.pt\">\n\t\t\t\t\t\t<span class=\"elementor-button-content-wrapper\">\n\t\t\t\t\t\t\t\t\t<span class=\"elementor-button-text\">Send e-mail<\/span>\n\t\t\t\t\t<\/span>\n\t\t\t\t\t<\/a>\n\t\t\t\t<\/div>\n\t\t\t\t\t\t\t\t<\/div>\n\t\t\t\t<\/div>\n\t\t\t\t<div class=\"elementor-element elementor-element-7d6d3028 elementor-align-left elementor-widget__width-auto elementor-widget elementor-widget-button\" data-id=\"7d6d3028\" data-element_type=\"widget\" data-widget_type=\"button.default\">\n\t\t\t\t<div class=\"elementor-widget-container\">\n\t\t\t\t\t\t\t\t\t<div class=\"elementor-button-wrapper\">\n\t\t\t\t\t<a class=\"elementor-button elementor-button-link elementor-size-sm elementor-animation-hang\" href=\"https:\/\/msnf.pt\/wp-content\/uploads\/2023\/10\/PML-CV-EN-.pdf\">\n\t\t\t\t\t\t<span class=\"elementor-button-content-wrapper\">\n\t\t\t\t\t\t\t\t\t<span class=\"elementor-button-text\">CV IN PDF<\/span>\n\t\t\t\t\t<\/span>\n\t\t\t\t\t<\/a>\n\t\t\t\t<\/div>\n\t\t\t\t\t\t\t\t<\/div>\n\t\t\t\t<\/div>\n\t\t\t\t\t<\/div>\n\t\t<\/div>\n\t\t\t\t\t<\/div>\n\t\t<\/section>\n\t\t\t\t<section class=\"elementor-section elementor-top-section elementor-element elementor-element-386563b7 elementor-section-boxed elementor-section-height-default elementor-section-height-default\" data-id=\"386563b7\" data-element_type=\"section\">\n\t\t\t\t\t\t<div class=\"elementor-container elementor-column-gap-default\">\n\t\t\t\t\t<div class=\"elementor-column elementor-col-100 elementor-top-column elementor-element elementor-element-4794d139\" data-id=\"4794d139\" data-element_type=\"column\">\n\t\t\t<div class=\"elementor-widget-wrap elementor-element-populated\">\n\t\t\t\t\t\t<div class=\"elementor-element elementor-element-26f58a1e elementor-widget-divider--view-line elementor-widget elementor-widget-divider\" data-id=\"26f58a1e\" data-element_type=\"widget\" data-widget_type=\"divider.default\">\n\t\t\t\t<div class=\"elementor-widget-container\">\n\t\t\t\t\t\t\t<div class=\"elementor-divider\">\n\t\t\t<span class=\"elementor-divider-separator\">\n\t\t\t\t\t\t<\/span>\n\t\t<\/div>\n\t\t\t\t\t\t<\/div>\n\t\t\t\t<\/div>\n\t\t\t\t\t<\/div>\n\t\t<\/div>\n\t\t\t\t\t<\/div>\n\t\t<\/section>\n\t\t\t\t<\/div>\n\t\t","protected":false},"excerpt":{"rendered":"<p>PEDRO MONIZ LOPES Pedro Moniz Lopes is Professor at the Lisbon University \u2013 Law School where he lectures since 2007 and with which he concluded his PhD (2016), Master of Laws (2010) and graduation (2004). He is a Lawyer registered with the Portuguese Bar Association since 2006. He develops his activity within the field of [&hellip;]<\/p>\n","protected":false},"author":1,"featured_media":0,"parent":0,"menu_order":0,"comment_status":"closed","ping_status":"closed","template":"elementor_header_footer","meta":{"om_disable_all_campaigns":false,"_monsterinsights_skip_tracking":false,"_monsterinsights_sitenote_active":false,"_monsterinsights_sitenote_note":"","_monsterinsights_sitenote_category":0,"footnotes":""},"class_list":["post-1916","page","type-page","status-publish","hentry"],"aioseo_notices":[],"_links":{"self":[{"href":"https:\/\/msnf.pt\/en\/wp-json\/wp\/v2\/pages\/1916","targetHints":{"allow":["GET"]}}],"collection":[{"href":"https:\/\/msnf.pt\/en\/wp-json\/wp\/v2\/pages"}],"about":[{"href":"https:\/\/msnf.pt\/en\/wp-json\/wp\/v2\/types\/page"}],"author":[{"embeddable":true,"href":"https:\/\/msnf.pt\/en\/wp-json\/wp\/v2\/users\/1"}],"replies":[{"embeddable":true,"href":"https:\/\/msnf.pt\/en\/wp-json\/wp\/v2\/comments?post=1916"}],"version-history":[{"count":13,"href":"https:\/\/msnf.pt\/en\/wp-json\/wp\/v2\/pages\/1916\/revisions"}],"predecessor-version":[{"id":2011,"href":"https:\/\/msnf.pt\/en\/wp-json\/wp\/v2\/pages\/1916\/revisions\/2011"}],"wp:attachment":[{"href":"https:\/\/msnf.pt\/en\/wp-json\/wp\/v2\/media?parent=1916"}],"curies":[{"name":"wp","href":"https:\/\/api.w.org\/{rel}","templated":true}]}}